{"id":19,"date":"2023-09-08T19:31:20","date_gmt":"2023-09-08T19:31:20","guid":{"rendered":"https:\/\/clima.org.bj\/?page_id=19"},"modified":"2024-02-12T07:38:48","modified_gmt":"2024-02-12T07:38:48","slug":"missions","status":"publish","type":"page","link":"https:\/\/clima.org.bj\/en\/missions\/","title":{"rendered":"Missions"},"content":{"rendered":"<div data-elementor-type=\"wp-page\" data-elementor-id=\"19\" class=\"elementor elementor-19\" data-elementor-post-type=\"page\">\n\t\t\t\t<div class=\"elementor-element elementor-element-27ad4e2 e-flex e-con-boxed e-con e-parent\" data-id=\"27ad4e2\" data-element_type=\"container\" data-e-type=\"container\" data-settings=\"{&quot;background_background&quot;:&quot;classic&quot;}\">\n\t\t\t\t\t<div class=\"e-con-inner\">\n\t\t<div class=\"elementor-element elementor-element-ba6cacb e-con-full e-flex e-con e-child\" data-id=\"ba6cacb\" data-element_type=\"container\" data-e-type=\"container\">\n\t\t\t\t<div class=\"elementor-element elementor-element-d2d4658 elementor-widget elementor-widget-heading\" data-id=\"d2d4658\" data-element_type=\"widget\" data-e-type=\"widget\" data-widget_type=\"heading.default\">\n\t\t\t\t<div class=\"elementor-widget-container\">\n\t\t\t\t\t<h2 class=\"elementor-heading-title elementor-size-default\">MISSIONS<\/h2>\t\t\t\t<\/div>\n\t\t\t\t<\/div>\n\t\t\t\t<\/div>\n\t\t\t\t\t<\/div>\n\t\t\t\t<\/div>\n\t\t<div class=\"elementor-element elementor-element-ad813b5 e-flex e-con-boxed e-con e-parent\" data-id=\"ad813b5\" data-element_type=\"container\" data-e-type=\"container\">\n\t\t\t\t\t<div class=\"e-con-inner\">\n\t\t<div class=\"elementor-element elementor-element-e931827 e-con-full e-flex e-con e-child\" data-id=\"e931827\" data-element_type=\"container\" data-e-type=\"container\">\n\t\t<div class=\"elementor-element elementor-element-9055f96 e-flex e-con-boxed e-con e-child\" data-id=\"9055f96\" data-element_type=\"container\" data-e-type=\"container\">\n\t\t\t\t\t<div class=\"e-con-inner\">\n\t\t\t\t<div class=\"elementor-element elementor-element-3531423 elementor-widget elementor-widget-heading\" data-id=\"3531423\" data-element_type=\"widget\" data-e-type=\"widget\" data-widget_type=\"heading.default\">\n\t\t\t\t<div class=\"elementor-widget-container\">\n\t\t\t\t\t<h2 class=\"elementor-heading-title elementor-size-default\">NOTRE MISSION <\/h2>\t\t\t\t<\/div>\n\t\t\t\t<\/div>\n\t\t\t\t<div class=\"elementor-element elementor-element-09d5a20 elementor-widget elementor-widget-heading\" data-id=\"09d5a20\" data-element_type=\"widget\" data-e-type=\"widget\" data-widget_type=\"heading.default\">\n\t\t\t\t<div class=\"elementor-widget-container\">\n\t\t\t\t\t<h2 class=\"elementor-heading-title elementor-size-default\">Nous travaillons en partenariat avec les communaut\u00e9s locales, les gouvernements et d'autres organisations pour r\u00e9duire l'ins\u00e9curit\u00e9 alimentaire, la malnutrition, la d\u00e9sertification et les effets n\u00e9fastes des changements climatiques dans les zones o\u00f9 nous op\u00e9rons. Nous visons \u00e0 fournir un acc\u00e8s durable \u00e0 une alimentation nutritive, \u00e0 promouvoir des pratiques agricoles durables et \u00e0 pr\u00e9venir la d\u00e9gradation de l'environnement, tout en renfor\u00e7ant la r\u00e9silience des communaut\u00e9s face aux chocs climatiques et \u00e9conomiques<\/h2>\t\t\t\t<\/div>\n\t\t\t\t<\/div>\n\t\t\t\t\t<\/div>\n\t\t\t\t<\/div>\n\t\t\t\t<div class=\"elementor-element elementor-element-bff8a08 anwp-pg-widget-header-style--b anwp-pg-post-teaser__post-icon--size-16 elementor-widget elementor-widget-anwp-pg-classic-blog\" data-id=\"bff8a08\" data-element_type=\"widget\" data-e-type=\"widget\" data-widget_type=\"anwp-pg-classic-blog.default\">\n\t\t\t\t<div class=\"elementor-widget-container\">\n\t\t\t\t\t<div class=\"anwp-pg-wrap\">\n\n\t\n\t<div class=\"anwp-pg-classic-blog anwp-pg-posts-wrapper\">\n\t\t<div class=\"anwp-pg-post-teaser anwp-pg-post-teaser--layout-classic anwp-row anwp-no-gutters\">\n\n\t\t\t<div class=\"anwp-pg-post-teaser__thumbnail position-relative mb-2 mb-md-0 anwp-col-md-4\">\n\t\t\t\t\t\t\t<div class=\"anwp-pg-post-teaser__top-meta d-flex flex-column anwp-pg-post-teaser__category-column mr-auto\">\n\t\t\t\t\t<div class=\"anwp-pg-category__wrapper-filled px-2 d-flex align-items-center anwp-pg-post-teaser__category-wrapper align-self-start anwp-pg-category-parent-0\" style=\"background-color: #1565C0\"><span>missions<\/span><\/div>\t\t\t\t<\/div>\n\t\t\t\t\n\t\t\t<img decoding=\"async\" loading=\"lazy\" src=\"https:\/\/clima.org.bj\/wp-content\/uploads\/2023\/09\/large.png\"\/>\n\n\t\t\t<div class=\"anwp-pg-post-teaser__thumbnail-classic-bg anwp-position-cover\"><\/div>\n\n\t\t\t<a class=\"anwp-position-cover anwp-link-without-effects\" href=\"https:\/\/clima.org.bj\/en\/take-care-of-termites-to-restore-highly\/\" aria-hidden=\"true\" ><\/a>\n\t\t<\/div>\n\t\n\t<div class=\"anwp-pg-post-teaser__content anwp-col-md-8\">\n\n\t\t<div class=\"anwp-pg-post-teaser__title anwp-font-heading my-2\">\n\t\t\t<a class=\"anwp-link-without-effects\" href=\"https:\/\/clima.org.bj\/en\/take-care-of-termites-to-restore-highly\/\" aria-hidden=\"true\" >\n\t\t\t\tTAKE CARE OF TERMITES TO RESTORE HIGHLY\t\t\t<\/a>\n\t\t<\/div>\n\n\t\t<div class=\"anwp-pg-post-teaser__bottom-meta d-flex flex-wrap\">\n\n\t\t\t\t\t\t\t<div class=\"anwp-pg-post-teaser__bottom-meta-item d-flex align-items-center mr-4\">\n\t\t\t\t\t<svg class=\"anwp-pg-icon anwp-pg-icon--s16 mr-2\">\n\t\t\t\t\t\t<use xlink:href=\"#icon-anwp-pg-person\"><\/use>\n\t\t\t\t\t<\/svg>\n\t\t\t\t\tet3rnity\t\t\t\t<\/div>\n\t\t\t\n\t\t\t\t\t\t\t<div class=\"anwp-pg-post-teaser__bottom-meta-item d-flex align-items-center mr-4\">\n\t\t\t\t\t<svg class=\"anwp-pg-icon anwp-pg-icon--s16 mr-2\">\n\t\t\t\t\t\t<use xlink:href=\"#icon-anwp-pg-calendar\"><\/use>\n\t\t\t\t\t<\/svg>\n\t\t\t\t\t<span class=\"screen-reader-text\">Posted on<\/span><time class=\"anwp-pg-published\" datetime=\"2023-09-15T06:22:59+00:00\">September 15, 2023<\/time><time class=\"anwp-pg-updated\" datetime=\"2023-09-15T06:22:59+00:00\">September 15, 2023<\/time>\t\t\t\t<\/div>\n\t\t\t\t\t\t\t\t\t<div class=\"anwp-pg-post-teaser__bottom-meta-item d-flex align-items-center mr-4\">\n\t\t\t\t\t\t<svg class=\"anwp-pg-icon anwp-pg-icon--s16 mr-2\">\n\t\t\t\t\t\t\t<use xlink:href=\"#icon-anwp-pg-comment-discussion\"><\/use>\n\t\t\t\t\t\t<\/svg>\n\t\t\t\t\t\t0\t\t\t\t\t<\/div>\n\t\t\t\t\t\t\t<\/div>\n\n\t\t<div class=\"anwp-pg-post-teaser__excerpt mt-2\">\n\t\t\tBow\u00e9 represent an important part of highly degraded lands in the Sudanian region of West Africa. The Sudanian region covers 6.7 mills ha in Benin. Bowalization is a result of ...\t\t<\/div>\n\n\t\t\t\t\t<div class=\"w-100 anwp-pg-read-more mt-3\">\n\t\t\t\t<a href=\"https:\/\/clima.org.bj\/en\/take-care-of-termites-to-restore-highly\/\" class=\"anwp-pg-read-more__btn read-more\" >\n\t\t\t\t\tLire plus\t\t\t\t<\/a>\n\t\t\t<\/div>\n\t\t\t<\/div>\n<\/div>\n\t<\/div>\n\t\n\t<\/div>\n\t\t\t\t<\/div>\n\t\t\t\t<\/div>\n\t\t\t\t<\/div>\n\t\t\t\t\t<\/div>\n\t\t\t\t<\/div>\n\t\t<div class=\"elementor-element elementor-element-1d28bf5 e-flex e-con-boxed e-con e-parent\" data-id=\"1d28bf5\" data-element_type=\"container\" data-e-type=\"container\">\n\t\t\t\t\t<div class=\"e-con-inner\">\n\t\t<div class=\"elementor-element elementor-element-b2c1f74 e-con-full e-flex e-con e-child\" data-id=\"b2c1f74\" data-element_type=\"container\" data-e-type=\"container\">\n\t\t\t\t<div class=\"elementor-element elementor-element-45ab6fa anwp-grid_card_bg_effect-darken_only anwp-pg-widget-header-style--b anwp-pg-post-teaser__post-icon--size-16 elementor-widget elementor-widget-anwp-pg-classic-grid\" data-id=\"45ab6fa\" data-element_type=\"widget\" data-e-type=\"widget\" data-widget_type=\"anwp-pg-classic-grid.default\">\n\t\t\t\t<div class=\"elementor-widget-container\">\n\t\t\t\t\t<div class=\"anwp-pg-wrap\">\n\n\t\n\t<div class=\"d-flex anwp-row flex-wrap anwp-pg-classic-grid anwp-pg-posts-wrapper\">\n\t\t<div class=\"anwp-pg-post-teaser anwp-pg-post-teaser--inner-cover-link anwp-pg-post-teaser--layout-d d-flex flex-column anwp-col-lg-4 anwp-col-sm-6 anwp-col-12 anwp-pg-post-teaser--has-comments-meta anwp-pg-post-teaser--with-read-more\">\n\t<div class=\"anwp-pg-post-teaser__thumbnail position-relative\">\n\n\t\t\t\t\t<div class=\"anwp-pg-post-teaser__top-meta d-flex flex-column anwp-pg-post-teaser__category-column mr-auto\">\n\t\t\t\t<div class=\"anwp-pg-category__wrapper-filled px-2 d-flex align-items-center anwp-pg-post-teaser__category-wrapper align-self-start anwp-pg-category-parent-0\" style=\"background-color: #1565C0\"><span>missions<\/span><\/div>\t\t\t<\/div>\n\t\t\t\n\t\t\n\t\t\t\t\t<img loading=\"lazy\" class=\"anwp-pg-post-teaser__thumbnail-img d-block anwp-pg-height-180 anwp-object-cover m-0 w-100\"\n\t\t\t\talt=\"TAKE CARE OF TERMITES TO RESTORE HIGHLY DEGRADED\"\n\t\t\t\tsrc=\"https:\/\/clima.org.bj\/wp-content\/uploads\/2023\/09\/large.png\"\/>\n\t\t\n\t\t<div class=\"anwp-pg-post-teaser__thumbnail-bg anwp-position-cover\"><\/div>\n\n\t\t<a class=\"anwp-position-cover anwp-link-without-effects\" href=\"https:\/\/clima.org.bj\/en\/take-care-of-termites-to-restore-highly-degraded\/\" aria-hidden=\"true\" ><\/a>\n\t<\/div>\n\n\t<div class=\"anwp-pg-post-teaser__content flex-grow-1 pt-1 d-flex flex-column\">\n\n\t\t<div class=\"anwp-pg-post-teaser__title anwp-font-heading mt-2\">\n\t\t\t<a class=\"anwp-link-without-effects\" href=\"https:\/\/clima.org.bj\/en\/take-care-of-termites-to-restore-highly-degraded\/\" aria-hidden=\"true\" >\n\t\t\t\tTAKE CARE OF TERMITES TO RESTORE HIGHLY DEGRADED\t\t\t<\/a>\n\t\t<\/div>\n\n\t\t<div class=\"anwp-pg-post-teaser__bottom-meta d-flex flex-wrap\">\n\n\t\t\t\t\t\t\t<div class=\"anwp-pg-post-teaser__bottom-meta-item d-flex align-items-center mr-3\">\n\t\t\t\t\t<svg class=\"anwp-pg-icon anwp-pg-icon--s16 mr-1\">\n\t\t\t\t\t\t<use xlink:href=\"#icon-anwp-pg-calendar\"><\/use>\n\t\t\t\t\t<\/svg>\n\t\t\t\t\t<span class=\"posted-on m-0\"><span class=\"screen-reader-text\">Posted on<\/span><time class=\"anwp-pg-published\" datetime=\"2023-09-14T19:13:44+00:00\">September 14, 2023<\/time><time class=\"anwp-pg-updated\" datetime=\"2023-09-15T06:19:16+00:00\">September 15, 2023<\/time><\/span>\n\t\t\t\t<\/div>\n\t\t\t\t\t\t\t\t\t<div class=\"anwp-pg-post-teaser__bottom-meta-item d-flex align-items-center mr-3\">\n\t\t\t\t\t\t<svg class=\"anwp-pg-icon anwp-pg-icon--s16 mr-1\">\n\t\t\t\t\t\t\t<use xlink:href=\"#icon-anwp-pg-comment-discussion\"><\/use>\n\t\t\t\t\t\t<\/svg>\n\t\t\t\t\t\t0\t\t\t\t\t<\/div>\n\t\t\t\t\t\n\t\t\t\t\t<\/div>\n\n\t\t\t\t\t<div class=\"anwp-pg-post-teaser__excerpt mb-2\">\n\t\t\t\tBow\u00e9 represent an important part of highly degraded lands in the Sudanian region of West Africa. The Sudanian region covers 6.7 mills ha in Benin. Bowalization is a result of ...\t\t\t<\/div>\n\t\t\n\t\t\t\t\t<div class=\"w-100 anwp-pg-read-more mt-auto\">\n\t\t\t\t<a href=\"https:\/\/clima.org.bj\/en\/take-care-of-termites-to-restore-highly-degraded\/\" \t\t\t\t\tclass=\"anwp-pg-read-more__btn mt-3 mb-0 read-more\">\n\t\t\t\t\tLire plus\t\t\t\t<\/a>\n\t\t\t<\/div>\n\t\t\n\t<\/div>\n\n<\/div>\n<div class=\"anwp-pg-post-teaser anwp-pg-post-teaser--inner-cover-link anwp-pg-post-teaser--layout-d d-flex flex-column anwp-col-lg-4 anwp-col-sm-6 anwp-col-12 anwp-pg-post-teaser--has-comments-meta anwp-pg-post-teaser--with-read-more\">\n\t<div class=\"anwp-pg-post-teaser__thumbnail position-relative\">\n\n\t\t\t\t\t<div class=\"anwp-pg-post-teaser__top-meta d-flex flex-column anwp-pg-post-teaser__category-column mr-auto\">\n\t\t\t\t<div class=\"anwp-pg-category__wrapper-filled px-2 d-flex align-items-center anwp-pg-post-teaser__category-wrapper align-self-start anwp-pg-category-parent-0\" style=\"background-color: #1565C0\"><span>missions<\/span><\/div>\t\t\t<\/div>\n\t\t\t\n\t\t\n\t\t\t\t\t<img loading=\"lazy\" class=\"anwp-pg-post-teaser__thumbnail-img d-block anwp-pg-height-180 anwp-object-cover m-0 w-100\"\n\t\t\t\talt=\"TAKE CARE OF TERMITES TO RESTORE HIGHLY\"\n\t\t\t\tsrc=\"https:\/\/clima.org.bj\/wp-content\/uploads\/2023\/09\/large.png\"\/>\n\t\t\n\t\t<div class=\"anwp-pg-post-teaser__thumbnail-bg anwp-position-cover\"><\/div>\n\n\t\t<a class=\"anwp-position-cover anwp-link-without-effects\" href=\"https:\/\/clima.org.bj\/en\/take-care-of-termites-to-restore-highly\/\" aria-hidden=\"true\" ><\/a>\n\t<\/div>\n\n\t<div class=\"anwp-pg-post-teaser__content flex-grow-1 pt-1 d-flex flex-column\">\n\n\t\t<div class=\"anwp-pg-post-teaser__title anwp-font-heading mt-2\">\n\t\t\t<a class=\"anwp-link-without-effects\" href=\"https:\/\/clima.org.bj\/en\/take-care-of-termites-to-restore-highly\/\" aria-hidden=\"true\" >\n\t\t\t\tTAKE CARE OF TERMITES TO RESTORE HIGHLY\t\t\t<\/a>\n\t\t<\/div>\n\n\t\t<div class=\"anwp-pg-post-teaser__bottom-meta d-flex flex-wrap\">\n\n\t\t\t\t\t\t\t<div class=\"anwp-pg-post-teaser__bottom-meta-item d-flex align-items-center mr-3\">\n\t\t\t\t\t<svg class=\"anwp-pg-icon anwp-pg-icon--s16 mr-1\">\n\t\t\t\t\t\t<use xlink:href=\"#icon-anwp-pg-calendar\"><\/use>\n\t\t\t\t\t<\/svg>\n\t\t\t\t\t<span class=\"posted-on m-0\"><span class=\"screen-reader-text\">Posted on<\/span><time class=\"anwp-pg-published\" datetime=\"2023-09-15T06:22:59+00:00\">September 15, 2023<\/time><time class=\"anwp-pg-updated\" datetime=\"2023-09-15T06:22:59+00:00\">September 15, 2023<\/time><\/span>\n\t\t\t\t<\/div>\n\t\t\t\t\t\t\t\t\t<div class=\"anwp-pg-post-teaser__bottom-meta-item d-flex align-items-center mr-3\">\n\t\t\t\t\t\t<svg class=\"anwp-pg-icon anwp-pg-icon--s16 mr-1\">\n\t\t\t\t\t\t\t<use xlink:href=\"#icon-anwp-pg-comment-discussion\"><\/use>\n\t\t\t\t\t\t<\/svg>\n\t\t\t\t\t\t0\t\t\t\t\t<\/div>\n\t\t\t\t\t\n\t\t\t\t\t<\/div>\n\n\t\t\t\t\t<div class=\"anwp-pg-post-teaser__excerpt mb-2\">\n\t\t\t\tBow\u00e9 represent an important part of highly degraded lands in the Sudanian region of West Africa. The Sudanian region covers 6.7 mills ha in Benin. Bowalization is a result of ...\t\t\t<\/div>\n\t\t\n\t\t\t\t\t<div class=\"w-100 anwp-pg-read-more mt-auto\">\n\t\t\t\t<a href=\"https:\/\/clima.org.bj\/en\/take-care-of-termites-to-restore-highly\/\" \t\t\t\t\tclass=\"anwp-pg-read-more__btn mt-3 mb-0 read-more\">\n\t\t\t\t\tLire plus\t\t\t\t<\/a>\n\t\t\t<\/div>\n\t\t\n\t<\/div>\n\n<\/div>\n\t<\/div>\n\t\n\t<\/div>\n\t\t\t\t<\/div>\n\t\t\t\t<\/div>\n\t\t\t\t<\/div>\n\t\t\t\t\t<\/div>\n\t\t\t\t<\/div>\n\t\t\t\t<\/div>","protected":false},"excerpt":{"rendered":"<p>MISSIONS NOTRE MISSION Nous travaillons en partenariat avec les communaut\u00e9s locales, les gouvernements et d&rsquo;autres organisations pour r\u00e9duire l&rsquo;ins\u00e9curit\u00e9 alimentaire, la malnutrition, la d\u00e9sertification et les effets n\u00e9fastes des changements climatiques dans les zones o\u00f9 nous op\u00e9rons. Nous visons \u00e0 fournir un acc\u00e8s durable \u00e0 une alimentation nutritive, \u00e0 promouvoir des pratiques agricoles durables et [&hellip;]<\/p>\n","protected":false},"author":1,"featured_media":0,"parent":0,"menu_order":0,"comment_status":"closed","ping_status":"closed","template":"","meta":{"footnotes":""},"class_list":["post-19","page","type-page","status-publish","hentry"],"yoast_head":"<!-- This site is optimized with the Yoast SEO plugin v27.4 - https:\/\/yoast.com\/product\/yoast-seo-wordpress\/ -->\n<title>Missions - clima<\/title>\n<meta name=\"robots\" content=\"index, follow, max-snippet:-1, max-image-preview:large, max-video-preview:-1\" \/>\n<link rel=\"canonical\" href=\"https:\/\/clima.org.bj\/en\/missions\/\" \/>\n<meta property=\"og:locale\" content=\"en_US\" \/>\n<meta property=\"og:type\" content=\"article\" \/>\n<meta property=\"og:title\" content=\"Missions - clima\" \/>\n<meta property=\"og:description\" content=\"MISSIONS NOTRE MISSION Nous travaillons en partenariat avec les communaut\u00e9s locales, les gouvernements et d&rsquo;autres organisations pour r\u00e9duire l&rsquo;ins\u00e9curit\u00e9 alimentaire, la malnutrition, la d\u00e9sertification et les effets n\u00e9fastes des changements climatiques dans les zones o\u00f9 nous op\u00e9rons. Nous visons \u00e0 fournir un acc\u00e8s durable \u00e0 une alimentation nutritive, \u00e0 promouvoir des pratiques agricoles durables et [&hellip;]\" \/>\n<meta property=\"og:url\" content=\"https:\/\/clima.org.bj\/en\/missions\/\" \/>\n<meta property=\"og:site_name\" content=\"clima\" \/>\n<meta property=\"article:modified_time\" content=\"2024-02-12T07:38:48+00:00\" \/>\n<meta property=\"og:image\" content=\"http:\/\/clima.org.bj\/wp-content\/uploads\/2023\/09\/large.png\" \/>\n<meta name=\"twitter:card\" content=\"summary_large_image\" \/>\n<meta name=\"twitter:label1\" content=\"Est. reading time\" \/>\n\t<meta name=\"twitter:data1\" content=\"2 minutes\" \/>\n<script type=\"application\/ld+json\" class=\"yoast-schema-graph\">{\"@context\":\"https:\\\/\\\/schema.org\",\"@graph\":[{\"@type\":\"WebPage\",\"@id\":\"https:\\\/\\\/clima.org.bj\\\/missions\\\/\",\"url\":\"https:\\\/\\\/clima.org.bj\\\/missions\\\/\",\"name\":\"Missions - clima\",\"isPartOf\":{\"@id\":\"https:\\\/\\\/clima.org.bj\\\/#website\"},\"primaryImageOfPage\":{\"@id\":\"https:\\\/\\\/clima.org.bj\\\/missions\\\/#primaryimage\"},\"image\":{\"@id\":\"https:\\\/\\\/clima.org.bj\\\/missions\\\/#primaryimage\"},\"thumbnailUrl\":\"https:\\\/\\\/clima.org.bj\\\/wp-content\\\/uploads\\\/2023\\\/09\\\/large.png\",\"datePublished\":\"2023-09-08T19:31:20+00:00\",\"dateModified\":\"2024-02-12T07:38:48+00:00\",\"breadcrumb\":{\"@id\":\"https:\\\/\\\/clima.org.bj\\\/missions\\\/#breadcrumb\"},\"inLanguage\":\"en-US\",\"potentialAction\":[{\"@type\":\"ReadAction\",\"target\":[\"https:\\\/\\\/clima.org.bj\\\/missions\\\/\"]}]},{\"@type\":\"ImageObject\",\"inLanguage\":\"en-US\",\"@id\":\"https:\\\/\\\/clima.org.bj\\\/missions\\\/#primaryimage\",\"url\":\"https:\\\/\\\/clima.org.bj\\\/wp-content\\\/uploads\\\/2023\\\/09\\\/large.png\",\"contentUrl\":\"https:\\\/\\\/clima.org.bj\\\/wp-content\\\/uploads\\\/2023\\\/09\\\/large.png\"},{\"@type\":\"BreadcrumbList\",\"@id\":\"https:\\\/\\\/clima.org.bj\\\/missions\\\/#breadcrumb\",\"itemListElement\":[{\"@type\":\"ListItem\",\"position\":1,\"name\":\"Home\",\"item\":\"https:\\\/\\\/clima.org.bj\\\/\"},{\"@type\":\"ListItem\",\"position\":2,\"name\":\"Missions\"}]},{\"@type\":\"WebSite\",\"@id\":\"https:\\\/\\\/clima.org.bj\\\/#website\",\"url\":\"https:\\\/\\\/clima.org.bj\\\/\",\"name\":\"clima\",\"description\":\"\",\"potentialAction\":[{\"@type\":\"SearchAction\",\"target\":{\"@type\":\"EntryPoint\",\"urlTemplate\":\"https:\\\/\\\/clima.org.bj\\\/?s={search_term_string}\"},\"query-input\":{\"@type\":\"PropertyValueSpecification\",\"valueRequired\":true,\"valueName\":\"search_term_string\"}}],\"inLanguage\":\"en-US\"}]}<\/script>\n<!-- \/ Yoast SEO plugin. -->","yoast_head_json":{"title":"Missions - clima","robots":{"index":"index","follow":"follow","max-snippet":"max-snippet:-1","max-image-preview":"max-image-preview:large","max-video-preview":"max-video-preview:-1"},"canonical":"https:\/\/clima.org.bj\/en\/missions\/","og_locale":"en_US","og_type":"article","og_title":"Missions - clima","og_description":"MISSIONS NOTRE MISSION Nous travaillons en partenariat avec les communaut\u00e9s locales, les gouvernements et d&rsquo;autres organisations pour r\u00e9duire l&rsquo;ins\u00e9curit\u00e9 alimentaire, la malnutrition, la d\u00e9sertification et les effets n\u00e9fastes des changements climatiques dans les zones o\u00f9 nous op\u00e9rons. Nous visons \u00e0 fournir un acc\u00e8s durable \u00e0 une alimentation nutritive, \u00e0 promouvoir des pratiques agricoles durables et [&hellip;]","og_url":"https:\/\/clima.org.bj\/en\/missions\/","og_site_name":"clima","article_modified_time":"2024-02-12T07:38:48+00:00","og_image":[{"url":"http:\/\/clima.org.bj\/wp-content\/uploads\/2023\/09\/large.png","type":"","width":"","height":""}],"twitter_card":"summary_large_image","twitter_misc":{"Est. reading time":"2 minutes"},"schema":{"@context":"https:\/\/schema.org","@graph":[{"@type":"WebPage","@id":"https:\/\/clima.org.bj\/missions\/","url":"https:\/\/clima.org.bj\/missions\/","name":"Missions - clima","isPartOf":{"@id":"https:\/\/clima.org.bj\/#website"},"primaryImageOfPage":{"@id":"https:\/\/clima.org.bj\/missions\/#primaryimage"},"image":{"@id":"https:\/\/clima.org.bj\/missions\/#primaryimage"},"thumbnailUrl":"https:\/\/clima.org.bj\/wp-content\/uploads\/2023\/09\/large.png","datePublished":"2023-09-08T19:31:20+00:00","dateModified":"2024-02-12T07:38:48+00:00","breadcrumb":{"@id":"https:\/\/clima.org.bj\/missions\/#breadcrumb"},"inLanguage":"en-US","potentialAction":[{"@type":"ReadAction","target":["https:\/\/clima.org.bj\/missions\/"]}]},{"@type":"ImageObject","inLanguage":"en-US","@id":"https:\/\/clima.org.bj\/missions\/#primaryimage","url":"https:\/\/clima.org.bj\/wp-content\/uploads\/2023\/09\/large.png","contentUrl":"https:\/\/clima.org.bj\/wp-content\/uploads\/2023\/09\/large.png"},{"@type":"BreadcrumbList","@id":"https:\/\/clima.org.bj\/missions\/#breadcrumb","itemListElement":[{"@type":"ListItem","position":1,"name":"Home","item":"https:\/\/clima.org.bj\/"},{"@type":"ListItem","position":2,"name":"Missions"}]},{"@type":"WebSite","@id":"https:\/\/clima.org.bj\/#website","url":"https:\/\/clima.org.bj\/","name":"clima","description":"","potentialAction":[{"@type":"SearchAction","target":{"@type":"EntryPoint","urlTemplate":"https:\/\/clima.org.bj\/?s={search_term_string}"},"query-input":{"@type":"PropertyValueSpecification","valueRequired":true,"valueName":"search_term_string"}}],"inLanguage":"en-US"}]}},"rttpg_featured_image_url":null,"rttpg_author":{"display_name":"et3rnity","author_link":"https:\/\/clima.org.bj\/en\/author\/et3rnity\/"},"rttpg_comment":0,"rttpg_category":null,"rttpg_excerpt":"MISSIONS NOTRE MISSION Nous travaillons en partenariat avec les communaut\u00e9s locales, les gouvernements et d&rsquo;autres organisations pour r\u00e9duire l&rsquo;ins\u00e9curit\u00e9 alimentaire, la malnutrition, la d\u00e9sertification et les effets n\u00e9fastes des changements climatiques dans les zones o\u00f9 nous op\u00e9rons. Nous visons \u00e0 fournir un acc\u00e8s durable \u00e0 une alimentation nutritive, \u00e0 promouvoir des pratiques agricoles durables et&hellip;","_links":{"self":[{"href":"https:\/\/clima.org.bj\/en\/wp-json\/wp\/v2\/pages\/19","targetHints":{"allow":["GET"]}}],"collection":[{"href":"https:\/\/clima.org.bj\/en\/wp-json\/wp\/v2\/pages"}],"about":[{"href":"https:\/\/clima.org.bj\/en\/wp-json\/wp\/v2\/types\/page"}],"author":[{"embeddable":true,"href":"https:\/\/clima.org.bj\/en\/wp-json\/wp\/v2\/users\/1"}],"replies":[{"embeddable":true,"href":"https:\/\/clima.org.bj\/en\/wp-json\/wp\/v2\/comments?post=19"}],"version-history":[{"count":5,"href":"https:\/\/clima.org.bj\/en\/wp-json\/wp\/v2\/pages\/19\/revisions"}],"predecessor-version":[{"id":1524,"href":"https:\/\/clima.org.bj\/en\/wp-json\/wp\/v2\/pages\/19\/revisions\/1524"}],"wp:attachment":[{"href":"https:\/\/clima.org.bj\/en\/wp-json\/wp\/v2\/media?parent=19"}],"curies":[{"name":"wp","href":"https:\/\/api.w.org\/{rel}","templated":true}]}}