{"id":25,"date":"2023-09-08T19:32:13","date_gmt":"2023-09-08T19:32:13","guid":{"rendered":"https:\/\/clima.org.bj\/?page_id=25"},"modified":"2024-02-12T07:41:13","modified_gmt":"2024-02-12T07:41:13","slug":"a-propos","status":"publish","type":"page","link":"https:\/\/clima.org.bj\/en\/a-propos\/","title":{"rendered":"About us"},"content":{"rendered":"<div data-elementor-type=\"wp-page\" data-elementor-id=\"25\" class=\"elementor elementor-25\" data-elementor-post-type=\"page\">\n\t\t\t\t<div class=\"elementor-element elementor-element-b549170 e-flex e-con-boxed e-con e-parent\" data-id=\"b549170\" data-element_type=\"container\" data-e-type=\"container\" data-settings=\"{&quot;background_background&quot;:&quot;classic&quot;}\">\n\t\t\t\t\t<div class=\"e-con-inner\">\n\t\t<div class=\"elementor-element elementor-element-a9ab4d2 e-con-full e-flex e-con e-child\" data-id=\"a9ab4d2\" data-element_type=\"container\" data-e-type=\"container\">\n\t\t\t\t<div class=\"elementor-element elementor-element-3137f73 elementor-widget elementor-widget-heading\" data-id=\"3137f73\" data-element_type=\"widget\" data-e-type=\"widget\" data-widget_type=\"heading.default\">\n\t\t\t\t<div class=\"elementor-widget-container\">\n\t\t\t\t\t<h2 class=\"elementor-heading-title elementor-size-default\">A PROPOS<\/h2>\t\t\t\t<\/div>\n\t\t\t\t<\/div>\n\t\t\t\t<\/div>\n\t\t\t\t\t<\/div>\n\t\t\t\t<\/div>\n\t\t<div class=\"elementor-element elementor-element-1dec5f9 e-grid e-con-boxed e-con e-parent\" data-id=\"1dec5f9\" data-element_type=\"container\" data-e-type=\"container\">\n\t\t\t\t\t<div class=\"e-con-inner\">\n\t\t\t\t<div class=\"elementor-element elementor-element-4abc075 elementor-widget elementor-widget-heading\" data-id=\"4abc075\" data-element_type=\"widget\" data-e-type=\"widget\" data-widget_type=\"heading.default\">\n\t\t\t\t<div class=\"elementor-widget-container\">\n\t\t\t\t\t<h2 class=\"elementor-heading-title elementor-size-default\">Qui sommes nous ? <\/h2>\t\t\t\t<\/div>\n\t\t\t\t<\/div>\n\t\t\t\t<div class=\"elementor-element elementor-element-7abddac elementor-widget elementor-widget-text-editor\" data-id=\"7abddac\" data-element_type=\"widget\" data-e-type=\"widget\" data-widget_type=\"text-editor.default\">\n\t\t\t\t<div class=\"elementor-widget-container\">\n\t\t\t\t\t\t\t\t\t<p>Le <strong>CLIMA<\/strong> (Cercle d\u2019action pour la Lutte contre l\u2019Ins\u00e9curit\u00e9 alimentaire, la Malnutrition, l\u2019Avanc\u00e9 de la d\u00e9sertification et les effets n\u00e9fastes\u00a0 des changements climatiques ) rassemble des ing\u00e9nieurs agronomes et techniciens sup\u00e9rieurs en agronomie qui partagent une m\u00eame vision du d\u00e9veloppement et veulent participer \u00e0 la lutte contre l\u2019ins\u00e9curit\u00e9 alimentaire, la malnutrition, la d\u00e9sertification et les effets n\u00e9fastes des changements climatiques au sein des populations.<\/p>\t\t\t\t\t\t\t\t<\/div>\n\t\t\t\t<\/div>\n\t\t<div class=\"elementor-element elementor-element-ec193ea e-con-full e-flex e-con e-child\" data-id=\"ec193ea\" data-element_type=\"container\" data-e-type=\"container\">\n\t\t<div class=\"elementor-element elementor-element-7eb35d4 e-con-full e-flex e-con e-child\" data-id=\"7eb35d4\" data-element_type=\"container\" data-e-type=\"container\">\n\t\t\t\t<div class=\"elementor-element elementor-element-39fdb38 elementor-widget__width-initial elementor-widget elementor-widget-image\" data-id=\"39fdb38\" data-element_type=\"widget\" data-e-type=\"widget\" data-widget_type=\"image.default\">\n\t\t\t\t<div class=\"elementor-widget-container\">\n\t\t\t\t\t\t\t\t\t\t\t\t\t\t\t<img fetchpriority=\"high\" decoding=\"async\" width=\"531\" height=\"517\" src=\"https:\/\/clima.org.bj\/wp-content\/uploads\/2023\/10\/Group-72.png\" class=\"attachment-large size-large wp-image-1014\" alt=\"\" srcset=\"https:\/\/clima.org.bj\/wp-content\/uploads\/2023\/10\/Group-72.png 531w, https:\/\/clima.org.bj\/wp-content\/uploads\/2023\/10\/Group-72-300x292.png 300w, https:\/\/clima.org.bj\/wp-content\/uploads\/2023\/10\/Group-72-12x12.png 12w\" sizes=\"(max-width: 531px) 100vw, 531px\" \/>\t\t\t\t\t\t\t\t\t\t\t\t\t\t\t<\/div>\n\t\t\t\t<\/div>\n\t\t\t\t<\/div>\n\t\t<div class=\"elementor-element elementor-element-21f3d0f e-con-full e-flex e-con e-child\" data-id=\"21f3d0f\" data-element_type=\"container\" data-e-type=\"container\">\n\t\t\t\t<div class=\"elementor-element elementor-element-a597a79 elementor-widget elementor-widget-text-editor\" data-id=\"a597a79\" data-element_type=\"widget\" data-e-type=\"widget\" data-widget_type=\"text-editor.default\">\n\t\t\t\t<div class=\"elementor-widget-container\">\n\t\t\t\t\t\t\t\t\t<p><br \/><br \/>Il est cr\u00e9\u00e9, entre les adh\u00e9rents aux pr\u00e9sents statuts, une Organisation Non Gouvernementale (ONG) association de droit priv\u00e9, \u00e0 but non lucratif et apolitique r\u00e9gie par la loi du 1 er juillet 1901 et le d\u00e9cret du 16 ao\u00fbt 1901 et les textes subs\u00e9quents en vigueur, aux fins sociales et \u00e0 celle de la Commune d\u2019Abomey Calavi. <br \/><br \/><br \/><\/p>\t\t\t\t\t\t\t\t<\/div>\n\t\t\t\t<\/div>\n\t\t\t\t<\/div>\n\t\t\t\t<\/div>\n\t\t\t\t<div class=\"elementor-element elementor-element-13bebc4 elementor-widget elementor-widget-heading\" data-id=\"13bebc4\" data-element_type=\"widget\" data-e-type=\"widget\" data-widget_type=\"heading.default\">\n\t\t\t\t<div class=\"elementor-widget-container\">\n\t\t\t\t\t<h2 class=\"elementor-heading-title elementor-size-default\">Nos Objectifs<\/h2>\t\t\t\t<\/div>\n\t\t\t\t<\/div>\n\t\t\t\t\t<\/div>\n\t\t\t\t<\/div>\n\t\t<div class=\"elementor-element elementor-element-2d0e8f8 e-grid e-con-boxed e-con e-parent\" data-id=\"2d0e8f8\" data-element_type=\"container\" data-e-type=\"container\">\n\t\t\t\t\t<div class=\"e-con-inner\">\n\t\t\t\t<div class=\"elementor-element elementor-element-93d751b elementor-icon-list--layout-traditional elementor-list-item-link-full_width elementor-widget elementor-widget-icon-list\" data-id=\"93d751b\" data-element_type=\"widget\" data-e-type=\"widget\" data-widget_type=\"icon-list.default\">\n\t\t\t\t<div class=\"elementor-widget-container\">\n\t\t\t\t\t\t\t<ul class=\"elementor-icon-list-items\">\n\t\t\t\t\t\t\t<li class=\"elementor-icon-list-item\">\n\t\t\t\t\t\t\t\t\t\t\t<span class=\"elementor-icon-list-icon\">\n\t\t\t\t\t\t\t<svg aria-hidden=\"true\" class=\"e-font-icon-svg e-fas-check-circle\" viewbox=\"0 0 512 512\" xmlns=\"http:\/\/www.w3.org\/2000\/svg\"><path d=\"M504 256c0 136.967-111.033 248-248 248S8 392.967 8 256 119.033 8 256 8s248 111.033 248 248zM227.314 387.314l184-184c6.248-6.248 6.248-16.379 0-22.627l-22.627-22.627c-6.248-6.249-16.379-6.249-22.628 0L216 308.118l-70.059-70.059c-6.248-6.248-16.379-6.248-22.628 0l-22.627 22.627c-6.248 6.248-6.248 16.379 0 22.627l104 104c6.249 6.249 16.379 6.249 22.628.001z\"><\/path><\/svg>\t\t\t\t\t\t<\/span>\n\t\t\t\t\t\t\t\t\t\t<span class=\"elementor-icon-list-text\">Promouvoir la s\u00e9curit\u00e9 alimentaire (accessibilit\u00e9, disponibilit\u00e9, \u2026\u2026.)<\/span>\n\t\t\t\t\t\t\t\t\t<\/li>\n\t\t\t\t\t\t\t\t<li class=\"elementor-icon-list-item\">\n\t\t\t\t\t\t\t\t\t\t\t<span class=\"elementor-icon-list-icon\">\n\t\t\t\t\t\t\t<svg aria-hidden=\"true\" class=\"e-font-icon-svg e-fas-check-circle\" viewbox=\"0 0 512 512\" xmlns=\"http:\/\/www.w3.org\/2000\/svg\"><path d=\"M504 256c0 136.967-111.033 248-248 248S8 392.967 8 256 119.033 8 256 8s248 111.033 248 248zM227.314 387.314l184-184c6.248-6.248 6.248-16.379 0-22.627l-22.627-22.627c-6.248-6.249-16.379-6.249-22.628 0L216 308.118l-70.059-70.059c-6.248-6.248-16.379-6.248-22.628 0l-22.627 22.627c-6.248 6.248-6.248 16.379 0 22.627l104 104c6.249 6.249 16.379 6.249 22.628.001z\"><\/path><\/svg>\t\t\t\t\t\t<\/span>\n\t\t\t\t\t\t\t\t\t\t<span class=\"elementor-icon-list-text\">  Valoriser certains produits agricoles par leur transformation en produits d\u00e9riv\u00e9s<\/span>\n\t\t\t\t\t\t\t\t\t<\/li>\n\t\t\t\t\t\t\t\t<li class=\"elementor-icon-list-item\">\n\t\t\t\t\t\t\t\t\t\t\t<span class=\"elementor-icon-list-icon\">\n\t\t\t\t\t\t\t<svg aria-hidden=\"true\" class=\"e-font-icon-svg e-fas-check-circle\" viewbox=\"0 0 512 512\" xmlns=\"http:\/\/www.w3.org\/2000\/svg\"><path d=\"M504 256c0 136.967-111.033 248-248 248S8 392.967 8 256 119.033 8 256 8s248 111.033 248 248zM227.314 387.314l184-184c6.248-6.248 6.248-16.379 0-22.627l-22.627-22.627c-6.248-6.249-16.379-6.249-22.628 0L216 308.118l-70.059-70.059c-6.248-6.248-16.379-6.248-22.628 0l-22.627 22.627c-6.248 6.248-6.248 16.379 0 22.627l104 104c6.249 6.249 16.379 6.249 22.628.001z\"><\/path><\/svg>\t\t\t\t\t\t<\/span>\n\t\t\t\t\t\t\t\t\t\t<span class=\"elementor-icon-list-text\">  Appuyer les entreprises agroalimentaires \u00e0 travers des modules de formation<\/span>\n\t\t\t\t\t\t\t\t\t<\/li>\n\t\t\t\t\t\t\t\t<li class=\"elementor-icon-list-item\">\n\t\t\t\t\t\t\t\t\t\t\t<span class=\"elementor-icon-list-icon\">\n\t\t\t\t\t\t\t<svg aria-hidden=\"true\" class=\"e-font-icon-svg e-fas-check-circle\" viewbox=\"0 0 512 512\" xmlns=\"http:\/\/www.w3.org\/2000\/svg\"><path d=\"M504 256c0 136.967-111.033 248-248 248S8 392.967 8 256 119.033 8 256 8s248 111.033 248 248zM227.314 387.314l184-184c6.248-6.248 6.248-16.379 0-22.627l-22.627-22.627c-6.248-6.249-16.379-6.249-22.628 0L216 308.118l-70.059-70.059c-6.248-6.248-16.379-6.248-22.628 0l-22.627 22.627c-6.248 6.248-6.248 16.379 0 22.627l104 104c6.249 6.249 16.379 6.249 22.628.001z\"><\/path><\/svg>\t\t\t\t\t\t<\/span>\n\t\t\t\t\t\t\t\t\t\t<span class=\"elementor-icon-list-text\">Promouvoir la conservation des ressources naturelles et la mod\u00e9lisation des ph\u00e9nom\u00e8nes biologiques;<\/span>\n\t\t\t\t\t\t\t\t\t<\/li>\n\t\t\t\t\t\t\t\t<li class=\"elementor-icon-list-item\">\n\t\t\t\t\t\t\t\t\t\t\t<span class=\"elementor-icon-list-icon\">\n\t\t\t\t\t\t\t<svg aria-hidden=\"true\" class=\"e-font-icon-svg e-fas-check-circle\" viewbox=\"0 0 512 512\" xmlns=\"http:\/\/www.w3.org\/2000\/svg\"><path d=\"M504 256c0 136.967-111.033 248-248 248S8 392.967 8 256 119.033 8 256 8s248 111.033 248 248zM227.314 387.314l184-184c6.248-6.248 6.248-16.379 0-22.627l-22.627-22.627c-6.248-6.249-16.379-6.249-22.628 0L216 308.118l-70.059-70.059c-6.248-6.248-16.379-6.248-22.628 0l-22.627 22.627c-6.248 6.248-6.248 16.379 0 22.627l104 104c6.249 6.249 16.379 6.249 22.628.001z\"><\/path><\/svg>\t\t\t\t\t\t<\/span>\n\t\t\t\t\t\t\t\t\t\t<span class=\"elementor-icon-list-text\">   Promouvoir des strat\u00e9gies d\u2019adaptation aux changements climatiques et \u00e0 la    d\u00e9sertification de m\u00eame que les m\u00e9thodes de lutte anti\u00e9rosive;<\/span>\n\t\t\t\t\t\t\t\t\t<\/li>\n\t\t\t\t\t\t<\/ul>\n\t\t\t\t\t\t<\/div>\n\t\t\t\t<\/div>\n\t\t<div class=\"elementor-element elementor-element-f1e05bc e-flex e-con-boxed e-con e-child\" data-id=\"f1e05bc\" data-element_type=\"container\" data-e-type=\"container\">\n\t\t\t\t\t<div class=\"e-con-inner\">\n\t\t\t\t<div class=\"elementor-element elementor-element-e678d47 elementor-widget elementor-widget-heading\" data-id=\"e678d47\" data-element_type=\"widget\" data-e-type=\"widget\" data-widget_type=\"heading.default\">\n\t\t\t\t<div class=\"elementor-widget-container\">\n\t\t\t\t\t<h2 class=\"elementor-heading-title elementor-size-default\">Nous  faisons aussi des <\/h2>\t\t\t\t<\/div>\n\t\t\t\t<\/div>\n\t\t<div class=\"elementor-element elementor-element-44e853c e-flex e-con-boxed e-con e-child\" data-id=\"44e853c\" data-element_type=\"container\" data-e-type=\"container\">\n\t\t\t\t\t<div class=\"e-con-inner\">\n\t\t<div class=\"elementor-element elementor-element-48f35f7 e-con-full e-flex e-con e-child\" data-id=\"48f35f7\" data-element_type=\"container\" data-e-type=\"container\">\n\t\t<div class=\"elementor-element elementor-element-a3bf001 e-con-full e-flex e-con e-child\" data-id=\"a3bf001\" data-element_type=\"container\" data-e-type=\"container\">\n\t\t\t\t<div class=\"elementor-element elementor-element-e56c0b8 elementor-widget__width-initial elementor-widget elementor-widget-image\" data-id=\"e56c0b8\" data-element_type=\"widget\" data-e-type=\"widget\" data-widget_type=\"image.default\">\n\t\t\t\t<div class=\"elementor-widget-container\">\n\t\t\t\t\t\t\t\t\t\t\t\t\t\t\t<img decoding=\"async\" width=\"392\" height=\"397\" src=\"https:\/\/clima.org.bj\/wp-content\/uploads\/2023\/10\/Group-73.png\" class=\"attachment-large size-large wp-image-1046\" alt=\"\" srcset=\"https:\/\/clima.org.bj\/wp-content\/uploads\/2023\/10\/Group-73.png 392w, https:\/\/clima.org.bj\/wp-content\/uploads\/2023\/10\/Group-73-296x300.png 296w, https:\/\/clima.org.bj\/wp-content\/uploads\/2023\/10\/Group-73-12x12.png 12w\" sizes=\"(max-width: 392px) 100vw, 392px\" \/>\t\t\t\t\t\t\t\t\t\t\t\t\t\t\t<\/div>\n\t\t\t\t<\/div>\n\t\t\t\t<\/div>\n\t\t<div class=\"elementor-element elementor-element-3bb2fb8 e-con-full e-flex e-con e-child\" data-id=\"3bb2fb8\" data-element_type=\"container\" data-e-type=\"container\">\n\t\t\t\t<div class=\"elementor-element elementor-element-b5fbb9d elementor-widget elementor-widget-heading\" data-id=\"b5fbb9d\" data-element_type=\"widget\" data-e-type=\"widget\" data-widget_type=\"heading.default\">\n\t\t\t\t<div class=\"elementor-widget-container\">\n\t\t\t\t\t<h2 class=\"elementor-heading-title elementor-size-default\">1.Consultation<\/h2>\t\t\t\t<\/div>\n\t\t\t\t<\/div>\n\t\t\t\t<div class=\"elementor-element elementor-element-15ea4c8 elementor-widget elementor-widget-text-editor\" data-id=\"15ea4c8\" data-element_type=\"widget\" data-e-type=\"widget\" data-widget_type=\"text-editor.default\">\n\t\t\t\t<div class=\"elementor-widget-container\">\n\t\t\t\t\t\t\t\t\t<p>Nous venons sur le terrain faire des analyses pour voir <br \/>comment nous pouvons aider a arranger les choses.<\/p>\t\t\t\t\t\t\t\t<\/div>\n\t\t\t\t<\/div>\n\t\t\t\t<\/div>\n\t\t\t\t<\/div>\n\t\t<div class=\"elementor-element elementor-element-1207a73 e-con-full e-flex e-con e-child\" data-id=\"1207a73\" data-element_type=\"container\" data-e-type=\"container\">\n\t\t<div class=\"elementor-element elementor-element-c2efc20 e-con-full e-flex e-con e-child\" data-id=\"c2efc20\" data-element_type=\"container\" data-e-type=\"container\">\n\t\t\t\t<div class=\"elementor-element elementor-element-192bd08 elementor-widget__width-initial elementor-widget elementor-widget-image\" data-id=\"192bd08\" data-element_type=\"widget\" data-e-type=\"widget\" data-widget_type=\"image.default\">\n\t\t\t\t<div class=\"elementor-widget-container\">\n\t\t\t\t\t\t\t\t\t\t\t\t\t\t\t<img decoding=\"async\" width=\"392\" height=\"397\" src=\"https:\/\/clima.org.bj\/wp-content\/uploads\/2023\/10\/Group-74.png\" class=\"attachment-large size-large wp-image-1053\" alt=\"\" srcset=\"https:\/\/clima.org.bj\/wp-content\/uploads\/2023\/10\/Group-74.png 392w, https:\/\/clima.org.bj\/wp-content\/uploads\/2023\/10\/Group-74-296x300.png 296w, https:\/\/clima.org.bj\/wp-content\/uploads\/2023\/10\/Group-74-12x12.png 12w\" sizes=\"(max-width: 392px) 100vw, 392px\" \/>\t\t\t\t\t\t\t\t\t\t\t\t\t\t\t<\/div>\n\t\t\t\t<\/div>\n\t\t\t\t<\/div>\n\t\t<div class=\"elementor-element elementor-element-208968f e-con-full e-flex e-con e-child\" data-id=\"208968f\" data-element_type=\"container\" data-e-type=\"container\">\n\t\t\t\t<div class=\"elementor-element elementor-element-82ffafd elementor-widget elementor-widget-heading\" data-id=\"82ffafd\" data-element_type=\"widget\" data-e-type=\"widget\" data-widget_type=\"heading.default\">\n\t\t\t\t<div class=\"elementor-widget-container\">\n\t\t\t\t\t<h2 class=\"elementor-heading-title elementor-size-default\">2.Formation<\/h2>\t\t\t\t<\/div>\n\t\t\t\t<\/div>\n\t\t\t\t<div class=\"elementor-element elementor-element-e3e97b2 elementor-widget elementor-widget-text-editor\" data-id=\"e3e97b2\" data-element_type=\"widget\" data-e-type=\"widget\" data-widget_type=\"text-editor.default\">\n\t\t\t\t<div class=\"elementor-widget-container\">\n\t\t\t\t\t\t\t\t\t<p>Nous formons les populations dans diff\u00e8rent domaine tels que la production de sel, l\u2019agriculture eco responsable. Nous les aidons \u00e0 d\u00e9velopper des activit\u00e9s avec de rentabilit\u00e9.<\/p>\t\t\t\t\t\t\t\t<\/div>\n\t\t\t\t<\/div>\n\t\t\t\t<\/div>\n\t\t\t\t<\/div>\n\t\t\t\t\t<\/div>\n\t\t\t\t<\/div>\n\t\t\t\t\t<\/div>\n\t\t\t\t<\/div>\n\t\t\t\t\t<\/div>\n\t\t\t\t<\/div>\n\t\t\t\t<\/div>","protected":false},"excerpt":{"rendered":"<p>A PROPOS Qui sommes nous ? Le CLIMA (Cercle d\u2019action pour la Lutte contre l\u2019Ins\u00e9curit\u00e9 alimentaire, la Malnutrition, l\u2019Avanc\u00e9 de la d\u00e9sertification et les effets n\u00e9fastes\u00a0 des changements climatiques ) rassemble des ing\u00e9nieurs agronomes et techniciens sup\u00e9rieurs en agronomie qui partagent une m\u00eame vision du d\u00e9veloppement et veulent participer \u00e0 la lutte contre l\u2019ins\u00e9curit\u00e9 alimentaire, [&hellip;]<\/p>\n","protected":false},"author":1,"featured_media":532,"parent":0,"menu_order":0,"comment_status":"closed","ping_status":"closed","template":"","meta":{"footnotes":""},"class_list":["post-25","page","type-page","status-publish","has-post-thumbnail","hentry"],"yoast_head":"<!-- This site is optimized with the Yoast SEO plugin v27.4 - https:\/\/yoast.com\/product\/yoast-seo-wordpress\/ -->\n<title>A propos - clima<\/title>\n<meta name=\"robots\" content=\"index, follow, max-snippet:-1, max-image-preview:large, max-video-preview:-1\" \/>\n<link rel=\"canonical\" href=\"http:\/\/clima.org.bj\/en\/a-propos\/\" \/>\n<meta property=\"og:locale\" content=\"en_US\" \/>\n<meta property=\"og:type\" content=\"article\" \/>\n<meta property=\"og:title\" content=\"A propos - clima\" \/>\n<meta property=\"og:description\" content=\"A PROPOS Qui sommes nous ? Le CLIMA (Cercle d\u2019action pour la Lutte contre l\u2019Ins\u00e9curit\u00e9 alimentaire, la Malnutrition, l\u2019Avanc\u00e9 de la d\u00e9sertification et les effets n\u00e9fastes\u00a0 des changements climatiques ) rassemble des ing\u00e9nieurs agronomes et techniciens sup\u00e9rieurs en agronomie qui partagent une m\u00eame vision du d\u00e9veloppement et veulent participer \u00e0 la lutte contre l\u2019ins\u00e9curit\u00e9 alimentaire, [&hellip;]\" \/>\n<meta property=\"og:url\" content=\"http:\/\/clima.org.bj\/en\/a-propos\/\" \/>\n<meta property=\"og:site_name\" content=\"clima\" \/>\n<meta property=\"article:modified_time\" content=\"2024-02-12T07:41:13+00:00\" \/>\n<meta property=\"og:image\" content=\"http:\/\/clima.org.bj\/wp-content\/uploads\/2023\/09\/Rectangle-751.png\" \/>\n\t<meta property=\"og:image:width\" content=\"1436\" \/>\n\t<meta property=\"og:image:height\" content=\"480\" \/>\n\t<meta property=\"og:image:type\" content=\"image\/png\" \/>\n<meta name=\"twitter:card\" content=\"summary_large_image\" \/>\n<meta name=\"twitter:label1\" content=\"Est. reading time\" \/>\n\t<meta name=\"twitter:data1\" content=\"2 minutes\" \/>\n<script type=\"application\/ld+json\" class=\"yoast-schema-graph\">{\"@context\":\"https:\\\/\\\/schema.org\",\"@graph\":[{\"@type\":\"WebPage\",\"@id\":\"http:\\\/\\\/clima.org.bj\\\/a-propos\\\/\",\"url\":\"http:\\\/\\\/clima.org.bj\\\/a-propos\\\/\",\"name\":\"A propos - clima\",\"isPartOf\":{\"@id\":\"https:\\\/\\\/clima.org.bj\\\/#website\"},\"primaryImageOfPage\":{\"@id\":\"http:\\\/\\\/clima.org.bj\\\/a-propos\\\/#primaryimage\"},\"image\":{\"@id\":\"http:\\\/\\\/clima.org.bj\\\/a-propos\\\/#primaryimage\"},\"thumbnailUrl\":\"https:\\\/\\\/clima.org.bj\\\/wp-content\\\/uploads\\\/2023\\\/09\\\/Rectangle-751.png\",\"datePublished\":\"2023-09-08T19:32:13+00:00\",\"dateModified\":\"2024-02-12T07:41:13+00:00\",\"breadcrumb\":{\"@id\":\"http:\\\/\\\/clima.org.bj\\\/a-propos\\\/#breadcrumb\"},\"inLanguage\":\"en-US\",\"potentialAction\":[{\"@type\":\"ReadAction\",\"target\":[\"http:\\\/\\\/clima.org.bj\\\/a-propos\\\/\"]}]},{\"@type\":\"ImageObject\",\"inLanguage\":\"en-US\",\"@id\":\"http:\\\/\\\/clima.org.bj\\\/a-propos\\\/#primaryimage\",\"url\":\"https:\\\/\\\/clima.org.bj\\\/wp-content\\\/uploads\\\/2023\\\/09\\\/Rectangle-751.png\",\"contentUrl\":\"https:\\\/\\\/clima.org.bj\\\/wp-content\\\/uploads\\\/2023\\\/09\\\/Rectangle-751.png\",\"width\":1436,\"height\":480},{\"@type\":\"BreadcrumbList\",\"@id\":\"http:\\\/\\\/clima.org.bj\\\/a-propos\\\/#breadcrumb\",\"itemListElement\":[{\"@type\":\"ListItem\",\"position\":1,\"name\":\"Home\",\"item\":\"https:\\\/\\\/clima.org.bj\\\/\"},{\"@type\":\"ListItem\",\"position\":2,\"name\":\"A propos\"}]},{\"@type\":\"WebSite\",\"@id\":\"https:\\\/\\\/clima.org.bj\\\/#website\",\"url\":\"https:\\\/\\\/clima.org.bj\\\/\",\"name\":\"clima\",\"description\":\"\",\"potentialAction\":[{\"@type\":\"SearchAction\",\"target\":{\"@type\":\"EntryPoint\",\"urlTemplate\":\"https:\\\/\\\/clima.org.bj\\\/?s={search_term_string}\"},\"query-input\":{\"@type\":\"PropertyValueSpecification\",\"valueRequired\":true,\"valueName\":\"search_term_string\"}}],\"inLanguage\":\"en-US\"}]}<\/script>\n<!-- \/ Yoast SEO plugin. -->","yoast_head_json":{"title":"A propos - clima","robots":{"index":"index","follow":"follow","max-snippet":"max-snippet:-1","max-image-preview":"max-image-preview:large","max-video-preview":"max-video-preview:-1"},"canonical":"http:\/\/clima.org.bj\/en\/a-propos\/","og_locale":"en_US","og_type":"article","og_title":"A propos - clima","og_description":"A PROPOS Qui sommes nous ? Le CLIMA (Cercle d\u2019action pour la Lutte contre l\u2019Ins\u00e9curit\u00e9 alimentaire, la Malnutrition, l\u2019Avanc\u00e9 de la d\u00e9sertification et les effets n\u00e9fastes\u00a0 des changements climatiques ) rassemble des ing\u00e9nieurs agronomes et techniciens sup\u00e9rieurs en agronomie qui partagent une m\u00eame vision du d\u00e9veloppement et veulent participer \u00e0 la lutte contre l\u2019ins\u00e9curit\u00e9 alimentaire, [&hellip;]","og_url":"http:\/\/clima.org.bj\/en\/a-propos\/","og_site_name":"clima","article_modified_time":"2024-02-12T07:41:13+00:00","og_image":[{"width":1436,"height":480,"url":"http:\/\/clima.org.bj\/wp-content\/uploads\/2023\/09\/Rectangle-751.png","type":"image\/png"}],"twitter_card":"summary_large_image","twitter_misc":{"Est. reading time":"2 minutes"},"schema":{"@context":"https:\/\/schema.org","@graph":[{"@type":"WebPage","@id":"http:\/\/clima.org.bj\/a-propos\/","url":"http:\/\/clima.org.bj\/a-propos\/","name":"A propos - clima","isPartOf":{"@id":"https:\/\/clima.org.bj\/#website"},"primaryImageOfPage":{"@id":"http:\/\/clima.org.bj\/a-propos\/#primaryimage"},"image":{"@id":"http:\/\/clima.org.bj\/a-propos\/#primaryimage"},"thumbnailUrl":"https:\/\/clima.org.bj\/wp-content\/uploads\/2023\/09\/Rectangle-751.png","datePublished":"2023-09-08T19:32:13+00:00","dateModified":"2024-02-12T07:41:13+00:00","breadcrumb":{"@id":"http:\/\/clima.org.bj\/a-propos\/#breadcrumb"},"inLanguage":"en-US","potentialAction":[{"@type":"ReadAction","target":["http:\/\/clima.org.bj\/a-propos\/"]}]},{"@type":"ImageObject","inLanguage":"en-US","@id":"http:\/\/clima.org.bj\/a-propos\/#primaryimage","url":"https:\/\/clima.org.bj\/wp-content\/uploads\/2023\/09\/Rectangle-751.png","contentUrl":"https:\/\/clima.org.bj\/wp-content\/uploads\/2023\/09\/Rectangle-751.png","width":1436,"height":480},{"@type":"BreadcrumbList","@id":"http:\/\/clima.org.bj\/a-propos\/#breadcrumb","itemListElement":[{"@type":"ListItem","position":1,"name":"Home","item":"https:\/\/clima.org.bj\/"},{"@type":"ListItem","position":2,"name":"A propos"}]},{"@type":"WebSite","@id":"https:\/\/clima.org.bj\/#website","url":"https:\/\/clima.org.bj\/","name":"clima","description":"","potentialAction":[{"@type":"SearchAction","target":{"@type":"EntryPoint","urlTemplate":"https:\/\/clima.org.bj\/?s={search_term_string}"},"query-input":{"@type":"PropertyValueSpecification","valueRequired":true,"valueName":"search_term_string"}}],"inLanguage":"en-US"}]}},"rttpg_featured_image_url":{"full":["https:\/\/clima.org.bj\/wp-content\/uploads\/2023\/09\/Rectangle-751.png",1436,480,false],"landscape":["https:\/\/clima.org.bj\/wp-content\/uploads\/2023\/09\/Rectangle-751.png",1436,480,false],"portraits":["https:\/\/clima.org.bj\/wp-content\/uploads\/2023\/09\/Rectangle-751.png",1436,480,false],"thumbnail":["https:\/\/clima.org.bj\/wp-content\/uploads\/2023\/09\/Rectangle-751-150x150.png",150,150,true],"medium":["https:\/\/clima.org.bj\/wp-content\/uploads\/2023\/09\/Rectangle-751-300x100.png",300,100,true],"large":["https:\/\/clima.org.bj\/wp-content\/uploads\/2023\/09\/Rectangle-751-1024x342.png",800,267,true],"1536x1536":["https:\/\/clima.org.bj\/wp-content\/uploads\/2023\/09\/Rectangle-751.png",1436,480,false],"2048x2048":["https:\/\/clima.org.bj\/wp-content\/uploads\/2023\/09\/Rectangle-751.png",1436,480,false],"trp-custom-language-flag":["https:\/\/clima.org.bj\/wp-content\/uploads\/2023\/09\/Rectangle-751-18x6.png",18,6,true]},"rttpg_author":{"display_name":"et3rnity","author_link":"https:\/\/clima.org.bj\/en\/author\/et3rnity\/"},"rttpg_comment":0,"rttpg_category":null,"rttpg_excerpt":"A PROPOS Qui sommes nous ? Le CLIMA (Cercle d\u2019action pour la Lutte contre l\u2019Ins\u00e9curit\u00e9 alimentaire, la Malnutrition, l\u2019Avanc\u00e9 de la d\u00e9sertification et les effets n\u00e9fastes\u00a0 des changements climatiques ) rassemble des ing\u00e9nieurs agronomes et techniciens sup\u00e9rieurs en agronomie qui partagent une m\u00eame vision du d\u00e9veloppement et veulent participer \u00e0 la lutte contre l\u2019ins\u00e9curit\u00e9 alimentaire,&hellip;","_links":{"self":[{"href":"https:\/\/clima.org.bj\/en\/wp-json\/wp\/v2\/pages\/25","targetHints":{"allow":["GET"]}}],"collection":[{"href":"https:\/\/clima.org.bj\/en\/wp-json\/wp\/v2\/pages"}],"about":[{"href":"https:\/\/clima.org.bj\/en\/wp-json\/wp\/v2\/types\/page"}],"author":[{"embeddable":true,"href":"https:\/\/clima.org.bj\/en\/wp-json\/wp\/v2\/users\/1"}],"replies":[{"embeddable":true,"href":"https:\/\/clima.org.bj\/en\/wp-json\/wp\/v2\/comments?post=25"}],"version-history":[{"count":5,"href":"https:\/\/clima.org.bj\/en\/wp-json\/wp\/v2\/pages\/25\/revisions"}],"predecessor-version":[{"id":1530,"href":"https:\/\/clima.org.bj\/en\/wp-json\/wp\/v2\/pages\/25\/revisions\/1530"}],"wp:featuredmedia":[{"embeddable":true,"href":"https:\/\/clima.org.bj\/en\/wp-json\/wp\/v2\/media\/532"}],"wp:attachment":[{"href":"https:\/\/clima.org.bj\/en\/wp-json\/wp\/v2\/media?parent=25"}],"curies":[{"name":"wp","href":"https:\/\/api.w.org\/{rel}","templated":true}]}}