{"id":27,"date":"2023-09-08T19:32:32","date_gmt":"2023-09-08T19:32:32","guid":{"rendered":"https:\/\/clima.org.bj\/?page_id=27"},"modified":"2024-02-12T07:42:00","modified_gmt":"2024-02-12T07:42:00","slug":"dons","status":"publish","type":"page","link":"https:\/\/clima.org.bj\/en\/dons\/","title":{"rendered":"Gifts"},"content":{"rendered":"<div data-elementor-type=\"wp-page\" data-elementor-id=\"27\" class=\"elementor elementor-27\" data-elementor-post-type=\"page\">\n\t\t\t\t<div class=\"elementor-element elementor-element-c956ba7 e-flex e-con-boxed e-con e-parent\" data-id=\"c956ba7\" data-element_type=\"container\" data-e-type=\"container\" data-settings=\"{&quot;background_background&quot;:&quot;classic&quot;}\">\n\t\t\t\t\t<div class=\"e-con-inner\">\n\t\t<div class=\"elementor-element elementor-element-147c3dbf e-con-full e-flex e-con e-child\" data-id=\"147c3dbf\" data-element_type=\"container\" data-e-type=\"container\">\n\t\t\t\t<div class=\"elementor-element elementor-element-25b0e2b elementor-widget elementor-widget-heading\" data-id=\"25b0e2b\" data-element_type=\"widget\" data-e-type=\"widget\" data-widget_type=\"heading.default\">\n\t\t\t\t<div class=\"elementor-widget-container\">\n\t\t\t\t\t<h2 class=\"elementor-heading-title elementor-size-default\">NOUS SOUTENIR <\/h2>\t\t\t\t<\/div>\n\t\t\t\t<\/div>\n\t\t\t\t<\/div>\n\t\t\t\t\t<\/div>\n\t\t\t\t<\/div>\n\t\t<div class=\"elementor-element elementor-element-494ea2a e-flex e-con-boxed e-con e-parent\" data-id=\"494ea2a\" data-element_type=\"container\" data-e-type=\"container\">\n\t\t\t\t\t<div class=\"e-con-inner\">\n\t\t<div class=\"elementor-element elementor-element-a81a407 e-con-full e-flex e-con e-child\" data-id=\"a81a407\" data-element_type=\"container\" data-e-type=\"container\">\n\t\t\t\t<div class=\"elementor-element elementor-element-ba96ae6 elementor-widget elementor-widget-heading\" data-id=\"ba96ae6\" data-element_type=\"widget\" data-e-type=\"widget\" data-widget_type=\"heading.default\">\n\t\t\t\t<div class=\"elementor-widget-container\">\n\t\t\t\t\t<h2 class=\"elementor-heading-title elementor-size-default\">DON<\/h2>\t\t\t\t<\/div>\n\t\t\t\t<\/div>\n\t\t\t\t<div class=\"elementor-element elementor-element-51292cb elementor-widget__width-initial elementor-widget elementor-widget-text-editor\" data-id=\"51292cb\" data-element_type=\"widget\" data-e-type=\"widget\" data-widget_type=\"text-editor.default\">\n\t\t\t\t<div class=\"elementor-widget-container\">\n\t\t\t\t\t\t\t\t\t<p>Nous \u0153uvrons par nos diff\u00e9rentes actions. pour : <br \/>L\u2019acc\u00e8s a une alimentaire plus sure et bien plus<br \/>qualitatif. Une agriculture plus d\u00e9velopp\u00e9e pour<br \/>augmenter la rentabilit\u00e9. Promouvoir les produits<br \/>d\u00e9riv\u00e9s d\u2019origine local. La formation des entreprise <br \/>dans le domaine agroalimentaire. Une meilleure conservation des ressources naturelles pour une <br \/>utilisation plus durable. La mise en place de strat\u00e9gie <br \/>plus durable pour lutter contre le changement <br \/>climatique et la d\u00e9sertification.<\/p>\t\t\t\t\t\t\t\t<\/div>\n\t\t\t\t<\/div>\n\t\t\t\t<\/div>\n\t\t<div class=\"elementor-element elementor-element-60b5d7b e-con-full e-flex e-con e-child\" data-id=\"60b5d7b\" data-element_type=\"container\" data-e-type=\"container\">\n\t\t\t\t<div class=\"elementor-element elementor-element-c184cbd elementor-widget elementor-widget-image\" data-id=\"c184cbd\" data-element_type=\"widget\" data-e-type=\"widget\" data-widget_type=\"image.default\">\n\t\t\t\t<div class=\"elementor-widget-container\">\n\t\t\t\t\t\t\t\t\t\t\t\t\t\t\t<img fetchpriority=\"high\" decoding=\"async\" width=\"545\" height=\"531\" src=\"https:\/\/clima.org.bj\/wp-content\/uploads\/2023\/09\/Group-75.png\" class=\"attachment-large size-large wp-image-590\" alt=\"\" srcset=\"https:\/\/clima.org.bj\/wp-content\/uploads\/2023\/09\/Group-75.png 545w, https:\/\/clima.org.bj\/wp-content\/uploads\/2023\/09\/Group-75-300x292.png 300w, https:\/\/clima.org.bj\/wp-content\/uploads\/2023\/09\/Group-75-12x12.png 12w\" sizes=\"(max-width: 545px) 100vw, 545px\" \/>\t\t\t\t\t\t\t\t\t\t\t\t\t\t\t<\/div>\n\t\t\t\t<\/div>\n\t\t\t\t<\/div>\n\t\t\t\t\t<\/div>\n\t\t\t\t<\/div>\n\t\t<div class=\"elementor-element elementor-element-15a2484 e-flex e-con-boxed e-con e-parent\" data-id=\"15a2484\" data-element_type=\"container\" data-e-type=\"container\" data-settings=\"{&quot;background_background&quot;:&quot;classic&quot;}\">\n\t\t\t\t\t<div class=\"e-con-inner\">\n\t\t<div class=\"elementor-element elementor-element-02a3bcb e-con-full e-flex e-con e-child\" data-id=\"02a3bcb\" data-element_type=\"container\" data-e-type=\"container\">\n\t\t<div class=\"elementor-element elementor-element-4c9100f e-flex e-con-boxed e-con e-child\" data-id=\"4c9100f\" data-element_type=\"container\" data-e-type=\"container\">\n\t\t\t\t\t<div class=\"e-con-inner\">\n\t\t\t\t<div class=\"elementor-element elementor-element-d73ab66 elementor-widget elementor-widget-heading\" data-id=\"d73ab66\" data-element_type=\"widget\" data-e-type=\"widget\" data-widget_type=\"heading.default\">\n\t\t\t\t<div class=\"elementor-widget-container\">\n\t\t\t\t\t<h2 class=\"elementor-heading-title elementor-size-default\">Comment pouvez vous nous aider ?<\/h2>\t\t\t\t<\/div>\n\t\t\t\t<\/div>\n\t\t\t\t\t<\/div>\n\t\t\t\t<\/div>\n\t\t<div class=\"elementor-element elementor-element-8eb2e0f e-flex e-con-boxed e-con e-child\" data-id=\"8eb2e0f\" data-element_type=\"container\" data-e-type=\"container\">\n\t\t\t\t\t<div class=\"e-con-inner\">\n\t\t<div class=\"elementor-element elementor-element-3da2fb4 e-flex e-con-boxed e-con e-child\" data-id=\"3da2fb4\" data-element_type=\"container\" data-e-type=\"container\">\n\t\t\t\t\t<div class=\"e-con-inner\">\n\t\t<div class=\"elementor-element elementor-element-f4474a3 e-flex e-con-boxed e-con e-child\" data-id=\"f4474a3\" data-element_type=\"container\" data-e-type=\"container\">\n\t\t\t\t\t<div class=\"e-con-inner\">\n\t\t\t\t<div class=\"elementor-element elementor-element-cb45b60 elementor-widget elementor-widget-image\" data-id=\"cb45b60\" data-element_type=\"widget\" data-e-type=\"widget\" data-widget_type=\"image.default\">\n\t\t\t\t<div class=\"elementor-widget-container\">\n\t\t\t\t\t\t\t\t\t\t\t\t\t\t\t<img decoding=\"async\" width=\"100\" height=\"100\" src=\"https:\/\/clima.org.bj\/wp-content\/uploads\/2023\/09\/charity-1-1.png\" class=\"attachment-large size-large wp-image-603\" alt=\"\" srcset=\"https:\/\/clima.org.bj\/wp-content\/uploads\/2023\/09\/charity-1-1.png 100w, https:\/\/clima.org.bj\/wp-content\/uploads\/2023\/09\/charity-1-1-12x12.png 12w\" sizes=\"(max-width: 100px) 100vw, 100px\" \/>\t\t\t\t\t\t\t\t\t\t\t\t\t\t\t<\/div>\n\t\t\t\t<\/div>\n\t\t\t\t\t<\/div>\n\t\t\t\t<\/div>\n\t\t<div class=\"elementor-element elementor-element-8799f41 e-flex e-con-boxed e-con e-child\" data-id=\"8799f41\" data-element_type=\"container\" data-e-type=\"container\">\n\t\t\t\t\t<div class=\"e-con-inner\">\n\t\t\t\t<div class=\"elementor-element elementor-element-2018981 elementor-widget elementor-widget-heading\" data-id=\"2018981\" data-element_type=\"widget\" data-e-type=\"widget\" data-widget_type=\"heading.default\">\n\t\t\t\t<div class=\"elementor-widget-container\">\n\t\t\t\t\t<h2 class=\"elementor-heading-title elementor-size-default\">Par des dons Financiers<\/h2>\t\t\t\t<\/div>\n\t\t\t\t<\/div>\n\t\t\t\t<div class=\"elementor-element elementor-element-e6aca85 elementor-widget elementor-widget-text-editor\" data-id=\"e6aca85\" data-element_type=\"widget\" data-e-type=\"widget\" data-widget_type=\"text-editor.default\">\n\t\t\t\t<div class=\"elementor-widget-container\">\n\t\t\t\t\t\t\t\t\t<p>Grace \u00e0 vos dons nous pourrons \u00e9quiper organisation de plus outils ainsi favoriser et aider les zones ruraux dans leurs d\u00e9veloppement. H\u00e9sitez pas contactez nous soit par mail pour en savoir plus<\/p>\t\t\t\t\t\t\t\t<\/div>\n\t\t\t\t<\/div>\n\t\t\t\t<div class=\"elementor-element elementor-element-90c1bb1 elementor-mobile-align-center elementor-widget elementor-widget-button\" data-id=\"90c1bb1\" data-element_type=\"widget\" data-e-type=\"widget\" data-widget_type=\"button.default\">\n\t\t\t\t<div class=\"elementor-widget-container\">\n\t\t\t\t\t\t\t\t\t<div class=\"elementor-button-wrapper\">\n\t\t\t\t\t<a class=\"elementor-button elementor-button-link elementor-size-sm\" href=\"#\">\n\t\t\t\t\t\t<span class=\"elementor-button-content-wrapper\">\n\t\t\t\t\t\t<span class=\"elementor-button-icon\">\n\t\t\t\t<svg aria-hidden=\"true\" class=\"e-font-icon-svg e-far-envelope\" viewbox=\"0 0 512 512\" xmlns=\"http:\/\/www.w3.org\/2000\/svg\"><path d=\"M464 64H48C21.49 64 0 85.49 0 112v288c0 26.51 21.49 48 48 48h416c26.51 0 48-21.49 48-48V112c0-26.51-21.49-48-48-48zm0 48v40.805c-22.422 18.259-58.168 46.651-134.587 106.49-16.841 13.247-50.201 45.072-73.413 44.701-23.208.375-56.579-31.459-73.413-44.701C106.18 199.465 70.425 171.067 48 152.805V112h416zM48 400V214.398c22.914 18.251 55.409 43.862 104.938 82.646 21.857 17.205 60.134 55.186 103.062 54.955 42.717.231 80.509-37.199 103.053-54.947 49.528-38.783 82.032-64.401 104.947-82.653V400H48z\"><\/path><\/svg>\t\t\t<\/span>\n\t\t\t\t\t\t\t\t\t<span class=\"elementor-button-text\">Email<\/span>\n\t\t\t\t\t<\/span>\n\t\t\t\t\t<\/a>\n\t\t\t\t<\/div>\n\t\t\t\t\t\t\t\t<\/div>\n\t\t\t\t<\/div>\n\t\t\t\t\t<\/div>\n\t\t\t\t<\/div>\n\t\t\t\t\t<\/div>\n\t\t\t\t<\/div>\n\t\t<div class=\"elementor-element elementor-element-d18c98e e-flex e-con-boxed e-con e-child\" data-id=\"d18c98e\" data-element_type=\"container\" data-e-type=\"container\">\n\t\t\t\t\t<div class=\"e-con-inner\">\n\t\t<div class=\"elementor-element elementor-element-538fa96 e-flex e-con-boxed e-con e-child\" data-id=\"538fa96\" data-element_type=\"container\" data-e-type=\"container\">\n\t\t\t\t\t<div class=\"e-con-inner\">\n\t\t\t\t<div class=\"elementor-element elementor-element-2f98454 elementor-widget elementor-widget-image\" data-id=\"2f98454\" data-element_type=\"widget\" data-e-type=\"widget\" data-widget_type=\"image.default\">\n\t\t\t\t<div class=\"elementor-widget-container\">\n\t\t\t\t\t\t\t\t\t\t\t\t\t\t\t<img decoding=\"async\" width=\"100\" height=\"100\" src=\"https:\/\/clima.org.bj\/wp-content\/uploads\/2023\/09\/startup-1.png\" class=\"attachment-large size-large wp-image-604\" alt=\"\" srcset=\"https:\/\/clima.org.bj\/wp-content\/uploads\/2023\/09\/startup-1.png 100w, https:\/\/clima.org.bj\/wp-content\/uploads\/2023\/09\/startup-1-12x12.png 12w\" sizes=\"(max-width: 100px) 100vw, 100px\" \/>\t\t\t\t\t\t\t\t\t\t\t\t\t\t\t<\/div>\n\t\t\t\t<\/div>\n\t\t\t\t\t<\/div>\n\t\t\t\t<\/div>\n\t\t<div class=\"elementor-element elementor-element-ccf0b8d e-flex e-con-boxed e-con e-child\" data-id=\"ccf0b8d\" data-element_type=\"container\" data-e-type=\"container\">\n\t\t\t\t\t<div class=\"e-con-inner\">\n\t\t\t\t<div class=\"elementor-element elementor-element-07445db elementor-widget elementor-widget-heading\" data-id=\"07445db\" data-element_type=\"widget\" data-e-type=\"widget\" data-widget_type=\"heading.default\">\n\t\t\t\t<div class=\"elementor-widget-container\">\n\t\t\t\t\t<h2 class=\"elementor-heading-title elementor-size-default\">Partenariat<\/h2>\t\t\t\t<\/div>\n\t\t\t\t<\/div>\n\t\t\t\t<div class=\"elementor-element elementor-element-d70820f elementor-widget elementor-widget-text-editor\" data-id=\"d70820f\" data-element_type=\"widget\" data-e-type=\"widget\" data-widget_type=\"text-editor.default\">\n\t\t\t\t<div class=\"elementor-widget-container\">\n\t\t\t\t\t\t\t\t\t<p>En devenant partenaire de CLIMA vous contribuer<br \/>au developpement des zones rurales et a celui de la <br \/>nature. \u00a8Pour en savoir plus contactez nous.<\/p>\t\t\t\t\t\t\t\t<\/div>\n\t\t\t\t<\/div>\n\t\t\t\t<div class=\"elementor-element elementor-element-6de1883 elementor-mobile-align-center elementor-widget elementor-widget-button\" data-id=\"6de1883\" data-element_type=\"widget\" data-e-type=\"widget\" data-widget_type=\"button.default\">\n\t\t\t\t<div class=\"elementor-widget-container\">\n\t\t\t\t\t\t\t\t\t<div class=\"elementor-button-wrapper\">\n\t\t\t\t\t<a class=\"elementor-button elementor-button-link elementor-size-sm\" href=\"#\">\n\t\t\t\t\t\t<span class=\"elementor-button-content-wrapper\">\n\t\t\t\t\t\t<span class=\"elementor-button-icon\">\n\t\t\t\t<svg aria-hidden=\"true\" class=\"e-font-icon-svg e-far-envelope\" viewbox=\"0 0 512 512\" xmlns=\"http:\/\/www.w3.org\/2000\/svg\"><path d=\"M464 64H48C21.49 64 0 85.49 0 112v288c0 26.51 21.49 48 48 48h416c26.51 0 48-21.49 48-48V112c0-26.51-21.49-48-48-48zm0 48v40.805c-22.422 18.259-58.168 46.651-134.587 106.49-16.841 13.247-50.201 45.072-73.413 44.701-23.208.375-56.579-31.459-73.413-44.701C106.18 199.465 70.425 171.067 48 152.805V112h416zM48 400V214.398c22.914 18.251 55.409 43.862 104.938 82.646 21.857 17.205 60.134 55.186 103.062 54.955 42.717.231 80.509-37.199 103.053-54.947 49.528-38.783 82.032-64.401 104.947-82.653V400H48z\"><\/path><\/svg>\t\t\t<\/span>\n\t\t\t\t\t\t\t\t\t<span class=\"elementor-button-text\">Email<\/span>\n\t\t\t\t\t<\/span>\n\t\t\t\t\t<\/a>\n\t\t\t\t<\/div>\n\t\t\t\t\t\t\t\t<\/div>\n\t\t\t\t<\/div>\n\t\t\t\t\t<\/div>\n\t\t\t\t<\/div>\n\t\t\t\t\t<\/div>\n\t\t\t\t<\/div>\n\t\t\t\t\t<\/div>\n\t\t\t\t<\/div>\n\t\t\t\t<\/div>\n\t\t\t\t\t<\/div>\n\t\t\t\t<\/div>\n\t\t\t\t<\/div>","protected":false},"excerpt":{"rendered":"<p>NOUS SOUTENIR DON Nous \u0153uvrons par nos diff\u00e9rentes actions. pour : L\u2019acc\u00e8s a une alimentaire plus sure et bien plusqualitatif. Une agriculture plus d\u00e9velopp\u00e9e pouraugmenter la rentabilit\u00e9. Promouvoir les produitsd\u00e9riv\u00e9s d\u2019origine local. La formation des entreprise dans le domaine agroalimentaire. Une meilleure conservation des ressources naturelles pour une utilisation plus durable. La mise en place [&hellip;]<\/p>\n","protected":false},"author":1,"featured_media":0,"parent":0,"menu_order":0,"comment_status":"closed","ping_status":"closed","template":"elementor_header_footer","meta":{"footnotes":""},"class_list":["post-27","page","type-page","status-publish","hentry"],"yoast_head":"<!-- This site is optimized with the Yoast SEO plugin v27.4 - https:\/\/yoast.com\/product\/yoast-seo-wordpress\/ -->\n<title>Dons - clima<\/title>\n<meta name=\"robots\" content=\"index, follow, max-snippet:-1, max-image-preview:large, max-video-preview:-1\" \/>\n<link rel=\"canonical\" href=\"https:\/\/clima.org.bj\/en\/dons\/\" \/>\n<meta property=\"og:locale\" content=\"en_US\" \/>\n<meta property=\"og:type\" content=\"article\" \/>\n<meta property=\"og:title\" content=\"Dons - clima\" \/>\n<meta property=\"og:description\" content=\"NOUS SOUTENIR DON Nous \u0153uvrons par nos diff\u00e9rentes actions. pour : L\u2019acc\u00e8s a une alimentaire plus sure et bien plusqualitatif. Une agriculture plus d\u00e9velopp\u00e9e pouraugmenter la rentabilit\u00e9. Promouvoir les produitsd\u00e9riv\u00e9s d\u2019origine local. La formation des entreprise dans le domaine agroalimentaire. Une meilleure conservation des ressources naturelles pour une utilisation plus durable. La mise en place [&hellip;]\" \/>\n<meta property=\"og:url\" content=\"https:\/\/clima.org.bj\/en\/dons\/\" \/>\n<meta property=\"og:site_name\" content=\"clima\" \/>\n<meta property=\"article:modified_time\" content=\"2024-02-12T07:42:00+00:00\" \/>\n<meta property=\"og:image\" content=\"http:\/\/clima.org.bj\/wp-content\/uploads\/2023\/09\/Group-75.png\" \/>\n<meta name=\"twitter:card\" content=\"summary_large_image\" \/>\n<meta name=\"twitter:label1\" content=\"Est. reading time\" \/>\n\t<meta name=\"twitter:data1\" content=\"2 minutes\" \/>\n<script type=\"application\/ld+json\" class=\"yoast-schema-graph\">{\"@context\":\"https:\\\/\\\/schema.org\",\"@graph\":[{\"@type\":\"WebPage\",\"@id\":\"https:\\\/\\\/clima.org.bj\\\/dons\\\/\",\"url\":\"https:\\\/\\\/clima.org.bj\\\/dons\\\/\",\"name\":\"Dons - clima\",\"isPartOf\":{\"@id\":\"https:\\\/\\\/clima.org.bj\\\/#website\"},\"primaryImageOfPage\":{\"@id\":\"https:\\\/\\\/clima.org.bj\\\/dons\\\/#primaryimage\"},\"image\":{\"@id\":\"https:\\\/\\\/clima.org.bj\\\/dons\\\/#primaryimage\"},\"thumbnailUrl\":\"https:\\\/\\\/clima.org.bj\\\/wp-content\\\/uploads\\\/2023\\\/09\\\/Group-75.png\",\"datePublished\":\"2023-09-08T19:32:32+00:00\",\"dateModified\":\"2024-02-12T07:42:00+00:00\",\"breadcrumb\":{\"@id\":\"https:\\\/\\\/clima.org.bj\\\/dons\\\/#breadcrumb\"},\"inLanguage\":\"en-US\",\"potentialAction\":[{\"@type\":\"ReadAction\",\"target\":[\"https:\\\/\\\/clima.org.bj\\\/dons\\\/\"]}]},{\"@type\":\"ImageObject\",\"inLanguage\":\"en-US\",\"@id\":\"https:\\\/\\\/clima.org.bj\\\/dons\\\/#primaryimage\",\"url\":\"https:\\\/\\\/clima.org.bj\\\/wp-content\\\/uploads\\\/2023\\\/09\\\/Group-75.png\",\"contentUrl\":\"https:\\\/\\\/clima.org.bj\\\/wp-content\\\/uploads\\\/2023\\\/09\\\/Group-75.png\"},{\"@type\":\"BreadcrumbList\",\"@id\":\"https:\\\/\\\/clima.org.bj\\\/dons\\\/#breadcrumb\",\"itemListElement\":[{\"@type\":\"ListItem\",\"position\":1,\"name\":\"Home\",\"item\":\"https:\\\/\\\/clima.org.bj\\\/\"},{\"@type\":\"ListItem\",\"position\":2,\"name\":\"Dons\"}]},{\"@type\":\"WebSite\",\"@id\":\"https:\\\/\\\/clima.org.bj\\\/#website\",\"url\":\"https:\\\/\\\/clima.org.bj\\\/\",\"name\":\"clima\",\"description\":\"\",\"potentialAction\":[{\"@type\":\"SearchAction\",\"target\":{\"@type\":\"EntryPoint\",\"urlTemplate\":\"https:\\\/\\\/clima.org.bj\\\/?s={search_term_string}\"},\"query-input\":{\"@type\":\"PropertyValueSpecification\",\"valueRequired\":true,\"valueName\":\"search_term_string\"}}],\"inLanguage\":\"en-US\"}]}<\/script>\n<!-- \/ Yoast SEO plugin. -->","yoast_head_json":{"title":"Dons - clima","robots":{"index":"index","follow":"follow","max-snippet":"max-snippet:-1","max-image-preview":"max-image-preview:large","max-video-preview":"max-video-preview:-1"},"canonical":"https:\/\/clima.org.bj\/en\/dons\/","og_locale":"en_US","og_type":"article","og_title":"Dons - clima","og_description":"NOUS SOUTENIR DON Nous \u0153uvrons par nos diff\u00e9rentes actions. pour : L\u2019acc\u00e8s a une alimentaire plus sure et bien plusqualitatif. Une agriculture plus d\u00e9velopp\u00e9e pouraugmenter la rentabilit\u00e9. Promouvoir les produitsd\u00e9riv\u00e9s d\u2019origine local. La formation des entreprise dans le domaine agroalimentaire. Une meilleure conservation des ressources naturelles pour une utilisation plus durable. La mise en place [&hellip;]","og_url":"https:\/\/clima.org.bj\/en\/dons\/","og_site_name":"clima","article_modified_time":"2024-02-12T07:42:00+00:00","og_image":[{"url":"http:\/\/clima.org.bj\/wp-content\/uploads\/2023\/09\/Group-75.png","type":"","width":"","height":""}],"twitter_card":"summary_large_image","twitter_misc":{"Est. reading time":"2 minutes"},"schema":{"@context":"https:\/\/schema.org","@graph":[{"@type":"WebPage","@id":"https:\/\/clima.org.bj\/dons\/","url":"https:\/\/clima.org.bj\/dons\/","name":"Dons - clima","isPartOf":{"@id":"https:\/\/clima.org.bj\/#website"},"primaryImageOfPage":{"@id":"https:\/\/clima.org.bj\/dons\/#primaryimage"},"image":{"@id":"https:\/\/clima.org.bj\/dons\/#primaryimage"},"thumbnailUrl":"https:\/\/clima.org.bj\/wp-content\/uploads\/2023\/09\/Group-75.png","datePublished":"2023-09-08T19:32:32+00:00","dateModified":"2024-02-12T07:42:00+00:00","breadcrumb":{"@id":"https:\/\/clima.org.bj\/dons\/#breadcrumb"},"inLanguage":"en-US","potentialAction":[{"@type":"ReadAction","target":["https:\/\/clima.org.bj\/dons\/"]}]},{"@type":"ImageObject","inLanguage":"en-US","@id":"https:\/\/clima.org.bj\/dons\/#primaryimage","url":"https:\/\/clima.org.bj\/wp-content\/uploads\/2023\/09\/Group-75.png","contentUrl":"https:\/\/clima.org.bj\/wp-content\/uploads\/2023\/09\/Group-75.png"},{"@type":"BreadcrumbList","@id":"https:\/\/clima.org.bj\/dons\/#breadcrumb","itemListElement":[{"@type":"ListItem","position":1,"name":"Home","item":"https:\/\/clima.org.bj\/"},{"@type":"ListItem","position":2,"name":"Dons"}]},{"@type":"WebSite","@id":"https:\/\/clima.org.bj\/#website","url":"https:\/\/clima.org.bj\/","name":"clima","description":"","potentialAction":[{"@type":"SearchAction","target":{"@type":"EntryPoint","urlTemplate":"https:\/\/clima.org.bj\/?s={search_term_string}"},"query-input":{"@type":"PropertyValueSpecification","valueRequired":true,"valueName":"search_term_string"}}],"inLanguage":"en-US"}]}},"rttpg_featured_image_url":null,"rttpg_author":{"display_name":"et3rnity","author_link":"https:\/\/clima.org.bj\/en\/author\/et3rnity\/"},"rttpg_comment":0,"rttpg_category":null,"rttpg_excerpt":"NOUS SOUTENIR DON Nous \u0153uvrons par nos diff\u00e9rentes actions. pour : L\u2019acc\u00e8s a une alimentaire plus sure et bien plusqualitatif. Une agriculture plus d\u00e9velopp\u00e9e pouraugmenter la rentabilit\u00e9. Promouvoir les produitsd\u00e9riv\u00e9s d\u2019origine local. La formation des entreprise dans le domaine agroalimentaire. Une meilleure conservation des ressources naturelles pour une utilisation plus durable. La mise en place&hellip;","_links":{"self":[{"href":"https:\/\/clima.org.bj\/en\/wp-json\/wp\/v2\/pages\/27","targetHints":{"allow":["GET"]}}],"collection":[{"href":"https:\/\/clima.org.bj\/en\/wp-json\/wp\/v2\/pages"}],"about":[{"href":"https:\/\/clima.org.bj\/en\/wp-json\/wp\/v2\/types\/page"}],"author":[{"embeddable":true,"href":"https:\/\/clima.org.bj\/en\/wp-json\/wp\/v2\/users\/1"}],"replies":[{"embeddable":true,"href":"https:\/\/clima.org.bj\/en\/wp-json\/wp\/v2\/comments?post=27"}],"version-history":[{"count":5,"href":"https:\/\/clima.org.bj\/en\/wp-json\/wp\/v2\/pages\/27\/revisions"}],"predecessor-version":[{"id":1533,"href":"https:\/\/clima.org.bj\/en\/wp-json\/wp\/v2\/pages\/27\/revisions\/1533"}],"wp:attachment":[{"href":"https:\/\/clima.org.bj\/en\/wp-json\/wp\/v2\/media?parent=27"}],"curies":[{"name":"wp","href":"https:\/\/api.w.org\/{rel}","templated":true}]}}